{"id":135,"date":"2018-11-18T18:12:29","date_gmt":"2018-11-18T17:12:29","guid":{"rendered":"http:\/\/silberpfeil-pirna.de\/blog\/?page_id=135"},"modified":"2019-12-28T09:20:12","modified_gmt":"2019-12-28T08:20:12","slug":"impressum","status":"publish","type":"page","link":"https:\/\/silberpfeil-pirna.de\/blog\/?page_id=135","title":{"rendered":"Impressum"},"content":{"rendered":"<p><span class=\"Pages_h4_gr_f\"><strong>Herausgeber<\/strong><br \/>\nTanz-Sport-Club Silberpfeil e.V. Pirna<br \/>\nEingetragen ins Vereinsregister am Amtsgericht Dresden<br \/>\nunter der Registernummer VR 20233\u00a0 Amtsgericht DD<br \/>\nVertretungsberechtigter Vorstand im Sinne \u00a7 26 BGB: <\/span><\/p>\n<ul>\n<li><span class=\"Pages_h4_gr_f\">Frank Hering<\/span><\/li>\n<li><span class=\"Pages_h4_gr_f\">Anke Kaiser<br \/>\n<\/span><\/li>\n<li><span class=\"Pages_h4_gr_f\">Jochen Kaiser<\/span><\/li>\n<\/ul>\n<p>Franz-Schubert-Stra\u00dfe 17<br \/>\n01796 Pirna<br \/>\nTel.: 0175 &#8211; 80 79 826<br \/>\nFax: 0 35 01\/ 75 62 50<br \/>\nvorstand(\u00e4t)silberpfeil-pirna.de<\/p>\n<p>F\u00fcr den Vorsitzenden besteht Einzelvertretungsbefugnis.<br \/>\nDie stell. Vorsitzende und der Schatzmeister vertreten den Verein gemeinsam.<\/p>\n<p><span class=\"Pages_h4_gr_f\"><strong>Inhaltlich Verantwortlicher gem\u00e4\u00df \u00a7 10 Abs. 3 MDStV<\/strong><br \/>\nTSC Silberpfeil\u00a0\u00a0 Olaf Watzke<\/span><br \/>\n(Anschrift wie oben)<\/p>\n<p><strong>Stand der Information<\/strong><br \/>\nNovember 2018<\/p>\n<p><strong>Realisation:<\/strong><\/p>\n<p>TSC Silberpfeil<\/p>\n<p><strong>Fotos<\/strong><\/p>\n<p>Nicht namentlich bezeichnete Bilder: privat<\/p>\n<p><span class=\"Pages_h4_gr_f\"><strong>Haftungshinweis<\/strong><br \/>\nTrotz sorgf\u00e4ltiger inhaltlicher Kontrolle \u00fcbernehmen wir keine Haftung f\u00fcr die Inhalte externer Links. F\u00fcr den Inhalt der verlinkten Seiten sind ausschlie\u00dflich deren Betreiber verantwortlich.<br \/>\nKeine Haftung f\u00fcr Irrt\u00fcmer und Fehler. Es gilt Deutsches Recht.<\/span><\/p>\n<p><span class=\"Pages_h4_gr_f\"><strong>Urheberrecht<\/strong><br \/>\nAlle auf diesen Webseiten dargestellten Fotos und Texte unterliegen dem Urheberrecht. Jede weitere Ver\u00f6ffentlichung ist ohne die ausdr\u00fcckliche schriftliche Genehmigung untersagt! <\/span><br \/>\nEventuell abgebildete Markenzeichen geh\u00f6ren den jeweiligen Rechteinhabern.<\/p>\n","protected":false},"excerpt":{"rendered":"<p>Herausgeber Tanz-Sport-Club Silberpfeil e.V. Pirna Eingetragen ins Vereinsregister am Amtsgericht Dresden unter der Registernummer VR 20233\u00a0 Amtsgericht DD Vertretungsberechtigter Vorstand im Sinne \u00a7 26 BGB: Frank Hering Anke Kaiser Jochen Kaiser Franz-Schubert-Stra\u00dfe 17 01796 Pirna Tel.: 0175 &#8211; 80 79 &hellip; <a href=\"https:\/\/silberpfeil-pirna.de\/blog\/?page_id=135\">Weiterlesen <span class=\"meta-nav\">&rarr;<\/span><\/a><\/p>\n","protected":false},"author":1,"featured_media":0,"parent":48,"menu_order":0,"comment_status":"closed","ping_status":"closed","template":"","meta":{"footnotes":""},"class_list":["post-135","page","type-page","status-publish","hentry"],"_links":{"self":[{"href":"https:\/\/silberpfeil-pirna.de\/blog\/index.php?rest_route=\/wp\/v2\/pages\/135","targetHints":{"allow":["GET"]}}],"collection":[{"href":"https:\/\/silberpfeil-pirna.de\/blog\/index.php?rest_route=\/wp\/v2\/pages"}],"about":[{"href":"https:\/\/silberpfeil-pirna.de\/blog\/index.php?rest_route=\/wp\/v2\/types\/page"}],"author":[{"embeddable":true,"href":"https:\/\/silberpfeil-pirna.de\/blog\/index.php?rest_route=\/wp\/v2\/users\/1"}],"replies":[{"embeddable":true,"href":"https:\/\/silberpfeil-pirna.de\/blog\/index.php?rest_route=%2Fwp%2Fv2%2Fcomments&post=135"}],"version-history":[{"count":3,"href":"https:\/\/silberpfeil-pirna.de\/blog\/index.php?rest_route=\/wp\/v2\/pages\/135\/revisions"}],"predecessor-version":[{"id":782,"href":"https:\/\/silberpfeil-pirna.de\/blog\/index.php?rest_route=\/wp\/v2\/pages\/135\/revisions\/782"}],"up":[{"embeddable":true,"href":"https:\/\/silberpfeil-pirna.de\/blog\/index.php?rest_route=\/wp\/v2\/pages\/48"}],"wp:attachment":[{"href":"https:\/\/silberpfeil-pirna.de\/blog\/index.php?rest_route=%2Fwp%2Fv2%2Fmedia&parent=135"}],"curies":[{"name":"wp","href":"https:\/\/api.w.org\/{rel}","templated":true}]}}