{"id":29,"date":"2018-10-15T22:48:33","date_gmt":"2018-10-15T20:48:33","guid":{"rendered":"http:\/\/silberpfeil-pirna.de\/blog\/?page_id=29"},"modified":"2023-04-07T13:25:47","modified_gmt":"2023-04-07T11:25:47","slug":"linedance","status":"publish","type":"page","link":"https:\/\/silberpfeil-pirna.de\/blog\/?page_id=29","title":{"rendered":"Line Dance"},"content":{"rendered":"<p><img loading=\"lazy\" decoding=\"async\" class=\"alignnone size-full wp-image-547\" src=\"https:\/\/silberpfeil-pirna.de\/blog\/wp-content\/uploads\/2019\/06\/LDstart192.jpg\" alt=\"\" width=\"800\" height=\"159\" srcset=\"https:\/\/silberpfeil-pirna.de\/blog\/wp-content\/uploads\/2019\/06\/LDstart192.jpg 800w, https:\/\/silberpfeil-pirna.de\/blog\/wp-content\/uploads\/2019\/06\/LDstart192-300x60.jpg 300w, https:\/\/silberpfeil-pirna.de\/blog\/wp-content\/uploads\/2019\/06\/LDstart192-768x153.jpg 768w\" sizes=\"auto, (max-width: 800px) 100vw, 800px\" \/><\/p>\n<p><strong>Was ist Line Dance?<\/strong><\/p>\n<div class=\"entry-content\">\n<p>\u00dcbersetzt hei\u00dft Line Dance \u201cin Linie\u201d tanzen. Line Dance ist nicht zu verwechseln mit Square Dance, wird nur noch selten mit Hut, Stiefel und Chaps getanzt. Meist trifft man die T\u00e4nzer in normaler Freizeitbekleidung und bequemen Tanzschuhen an<\/p>\n<p>Egal ob jung oder alt, gro\u00df oder klein, Mann oder Frau \u2013 alle k\u00f6nnen miteinander und doch f\u00fcr sich tanzen. Ein Tanzpartner wir nicht unbedingt gebraucht.<\/p>\n<p>Getanzt wird in Reihen, neben- oder hintereinander, und m\u00f6glichst synchron. Von Country, Evergreen, Rock\u00b4n Roll, Jazz, Swing \u00fcber Pop, Walzer, Polka, Cha Cha bis Hip Hop \u2013 f\u00fcr jeden Musikgeschmack ist etwas dabei. F\u00fcr ein Lied gibt es eine, manchmal mehrere spezielle Choreografien. Diese k\u00f6nnen, wenn der Rhythmus stimmt, auch auf andere Hit\u00b4s getanzt werden.<\/p>\n<p>Nach dem Motto \u201cDer sicherste Weg zum Erfolg ist, es noch einmal zu versuchen.\u201d werden die Schrittfolgen erlernt. \u00dcben, \u00fcben ist angesagt. Mit viel Spa\u00df gibt es fast in jedem Training einen neuen Tanz, alte werden wiederholt. Neu- und Wiedereinsteiger k\u00f6nnen direkt mittanzen. Schrittfehler sind nicht schlimm, denn \u201cabgucken\u201d ist stets erlaubt.<\/p>\n<p>Line Dance ist ein weit verbreitetes Hobby, das immer mehr Anh\u00e4nger findet. Tanzen h\u00e4lt das Gehirn jung, hilft gegen \u00fcbersch\u00fcssige Pfunde, beugt Depressionen und Krankheiten vor, sorgt f\u00fcr eine gute K\u00f6rperhaltung, f\u00f6rdert soziale Kontakte, fordert die allgemeine Fitness und und und. Probier es selbst einfach aus.<\/p>\n<p>Der TSC Silberpfeil Pirna bietet allen Line Dancern und solchen, die es werden wollen, ein umfangreiches Trainingsangebot.<\/p>\n<p>Speziell im Wettkampf b\u00fcndelt sich die breite Palette des Line Dance, differenziert nach Alters- und Leistungsklassen. Der Grundgedanke bleibt: Die gleiche Choreografie zu einem bestimmten Lied \u2013 somit wird auch hier \u201cin Reihe\u201d getanzt.<\/p>\n<\/div>\n<p>&nbsp;<\/p>\n","protected":false},"excerpt":{"rendered":"<p>Was ist Line Dance? \u00dcbersetzt hei\u00dft Line Dance \u201cin Linie\u201d tanzen. Line Dance ist nicht zu verwechseln mit Square Dance, wird nur noch selten mit Hut, Stiefel und Chaps getanzt. Meist trifft man die T\u00e4nzer in normaler Freizeitbekleidung und bequemen &hellip; <a href=\"https:\/\/silberpfeil-pirna.de\/blog\/?page_id=29\">Weiterlesen <span class=\"meta-nav\">&rarr;<\/span><\/a><\/p>\n","protected":false},"author":1,"featured_media":0,"parent":0,"menu_order":0,"comment_status":"closed","ping_status":"closed","template":"page-sidebar.php","meta":{"footnotes":""},"class_list":["post-29","page","type-page","status-publish","hentry"],"_links":{"self":[{"href":"https:\/\/silberpfeil-pirna.de\/blog\/index.php?rest_route=\/wp\/v2\/pages\/29","targetHints":{"allow":["GET"]}}],"collection":[{"href":"https:\/\/silberpfeil-pirna.de\/blog\/index.php?rest_route=\/wp\/v2\/pages"}],"about":[{"href":"https:\/\/silberpfeil-pirna.de\/blog\/index.php?rest_route=\/wp\/v2\/types\/page"}],"author":[{"embeddable":true,"href":"https:\/\/silberpfeil-pirna.de\/blog\/index.php?rest_route=\/wp\/v2\/users\/1"}],"replies":[{"embeddable":true,"href":"https:\/\/silberpfeil-pirna.de\/blog\/index.php?rest_route=%2Fwp%2Fv2%2Fcomments&post=29"}],"version-history":[{"count":10,"href":"https:\/\/silberpfeil-pirna.de\/blog\/index.php?rest_route=\/wp\/v2\/pages\/29\/revisions"}],"predecessor-version":[{"id":1390,"href":"https:\/\/silberpfeil-pirna.de\/blog\/index.php?rest_route=\/wp\/v2\/pages\/29\/revisions\/1390"}],"wp:attachment":[{"href":"https:\/\/silberpfeil-pirna.de\/blog\/index.php?rest_route=%2Fwp%2Fv2%2Fmedia&parent=29"}],"curies":[{"name":"wp","href":"https:\/\/api.w.org\/{rel}","templated":true}]}}