{"id":31,"date":"2018-10-15T22:50:19","date_gmt":"2018-10-15T20:50:19","guid":{"rendered":"http:\/\/silberpfeil-pirna.de\/blog\/?page_id=31"},"modified":"2019-01-15T22:14:33","modified_gmt":"2019-01-15T21:14:33","slug":"paartanz","status":"publish","type":"page","link":"https:\/\/silberpfeil-pirna.de\/blog\/?page_id=31","title":{"rendered":"Paartanz"},"content":{"rendered":"<p class=\"align-center\">Der Paartanz \/ Breitensport ist die zahlenm\u00e4\u00dfig st\u00e4rkste Abteilung unseres Vereins. Hier haben Kinder, Jugendliche und Erwachsene in sieben Gruppen die M\u00f6glichkeit ihrem Hobby nach zu gehen.<\/p>\n<p class=\"align-center\">Schon in den ersten Jahren gab es eine Gruppe begeisterter Hobbyt\u00e4nzer, die sich haupts\u00e4chlich aus Eltern von Turniert\u00e4nzern zusammensetzte. Dieser langen Tradition folgend, erfreut sich der Paartanz immer gr\u00f6\u00dferer Beliebtheit.<\/p>\n<p class=\"align-center\">Aber auch die Nachwuchsarbeit wird beim TSC gro\u00df geschrieben. So bieten wir Jugendlichen und Kindern in mehreren Gruppen die M\u00f6glichkeit sich schon fr\u00fchzeitig f\u00fcr den Tanzsport zu begeistern.<\/p>\n<p class=\"align-center\">Aller Anfang ist schwer und erfordert oft Geduld mit sich und seinem Tanzpartner.<\/p>\n<p class=\"align-center\">Doch nach und nach entwickelt sich ein umfangreiches Repertoire an T\u00e4nzen, das weit \u00fcber den Grundschritt hinausgeht, und gern bei verschiedenen Veranstaltungen pr\u00e4sentiert wird.<\/p>\n<p class=\"align-center\">Bei der Teilnahme an Breitensport-Turnieren ist schon so mancher mit einem vorderen Platz oder gar einem Sieg zur\u00fcckgekommen. Turniert\u00e4nzer wollen die \u201eBreiti\u2019s\u201c nicht werden, aber \u00f6ffentliche Auftritte sind immer etwas Besonderes.<\/p>\n","protected":false},"excerpt":{"rendered":"<p>Der Paartanz \/ Breitensport ist die zahlenm\u00e4\u00dfig st\u00e4rkste Abteilung unseres Vereins. Hier haben Kinder, Jugendliche und Erwachsene in sieben Gruppen die M\u00f6glichkeit ihrem Hobby nach zu gehen. Schon in den ersten Jahren gab es eine Gruppe begeisterter Hobbyt\u00e4nzer, die sich &hellip; <a href=\"https:\/\/silberpfeil-pirna.de\/blog\/?page_id=31\">Weiterlesen <span class=\"meta-nav\">&rarr;<\/span><\/a><\/p>\n","protected":false},"author":1,"featured_media":0,"parent":0,"menu_order":0,"comment_status":"closed","ping_status":"closed","template":"page-sidebar.php","meta":{"footnotes":""},"class_list":["post-31","page","type-page","status-publish","hentry"],"_links":{"self":[{"href":"https:\/\/silberpfeil-pirna.de\/blog\/index.php?rest_route=\/wp\/v2\/pages\/31","targetHints":{"allow":["GET"]}}],"collection":[{"href":"https:\/\/silberpfeil-pirna.de\/blog\/index.php?rest_route=\/wp\/v2\/pages"}],"about":[{"href":"https:\/\/silberpfeil-pirna.de\/blog\/index.php?rest_route=\/wp\/v2\/types\/page"}],"author":[{"embeddable":true,"href":"https:\/\/silberpfeil-pirna.de\/blog\/index.php?rest_route=\/wp\/v2\/users\/1"}],"replies":[{"embeddable":true,"href":"https:\/\/silberpfeil-pirna.de\/blog\/index.php?rest_route=%2Fwp%2Fv2%2Fcomments&post=31"}],"version-history":[{"count":5,"href":"https:\/\/silberpfeil-pirna.de\/blog\/index.php?rest_route=\/wp\/v2\/pages\/31\/revisions"}],"predecessor-version":[{"id":401,"href":"https:\/\/silberpfeil-pirna.de\/blog\/index.php?rest_route=\/wp\/v2\/pages\/31\/revisions\/401"}],"wp:attachment":[{"href":"https:\/\/silberpfeil-pirna.de\/blog\/index.php?rest_route=%2Fwp%2Fv2%2Fmedia&parent=31"}],"curies":[{"name":"wp","href":"https:\/\/api.w.org\/{rel}","templated":true}]}}