{"id":37,"date":"2019-11-03T11:32:42","date_gmt":"2019-11-03T10:32:42","guid":{"rendered":"http:\/\/silberpfeil-pirna.de\/blog\/?page_id=37"},"modified":"2026-04-05T10:04:07","modified_gmt":"2026-04-05T08:04:07","slug":"wirbelwinde19","status":"publish","type":"page","link":"https:\/\/silberpfeil-pirna.de\/blog\/?page_id=37","title":{"rendered":"Wirbelwinde"},"content":{"rendered":"<p class=\"align-center\"><strong>Alter:<\/strong> ab 5 Jahre<\/p>\n<p class=\"align-center\"><strong>Trainingszeit:<\/strong> Donnerstag 16:00 bis 17:00<\/p>\n<p>Trainigsort:\u00a0\u00a0 Tanzsaal Pestalozzi- Oberschule<\/p>\n<p class=\"align-center\"><strong>Trainerin:<\/strong> Susan Hartmann<\/p>\n<p class=\"align-center\"><strong>Auftritte:<\/strong><\/p>\n<p class=\"align-center\">&#8222;Pirna tanzt&#8220;<\/p>\n<p class=\"align-center\">Stadtfest Pirna<\/p>\n<p class=\"align-center\">\u00a0Mit ganz viel Spa\u00df und ohne Leistungsdruck sollen die Wirbelwinde rhythmisch-musikalische Bewegungen in der Gruppe erlernen und dabei ein Gef\u00fchl f\u00fcr die F\u00e4higkeiten des K\u00f6rpers und ein allgemeines Rhythmus- und Taktgef\u00fchl erlangen, den Gleichgewichtsinn, Koordinationsf\u00e4higkeit und Raumorientierung schulen, kreativ sein, sowie soziales Gruppenverhalten und Selbstbewusstsein erleben.<\/p>\n","protected":false},"excerpt":{"rendered":"<p>Alter: ab 5 Jahre Trainingszeit: Donnerstag 16:00 bis 17:00 Trainigsort:\u00a0\u00a0 Tanzsaal Pestalozzi- Oberschule Trainerin: Susan Hartmann Auftritte: &#8222;Pirna tanzt&#8220; Stadtfest Pirna \u00a0Mit ganz viel Spa\u00df und ohne Leistungsdruck sollen die Wirbelwinde rhythmisch-musikalische Bewegungen in der Gruppe erlernen und dabei ein &hellip; <a href=\"https:\/\/silberpfeil-pirna.de\/blog\/?page_id=37\">Weiterlesen <span class=\"meta-nav\">&rarr;<\/span><\/a><\/p>\n","protected":false},"author":1,"featured_media":0,"parent":27,"menu_order":0,"comment_status":"closed","ping_status":"closed","template":"","meta":{"footnotes":""},"class_list":["post-37","page","type-page","status-publish","hentry"],"_links":{"self":[{"href":"https:\/\/silberpfeil-pirna.de\/blog\/index.php?rest_route=\/wp\/v2\/pages\/37","targetHints":{"allow":["GET"]}}],"collection":[{"href":"https:\/\/silberpfeil-pirna.de\/blog\/index.php?rest_route=\/wp\/v2\/pages"}],"about":[{"href":"https:\/\/silberpfeil-pirna.de\/blog\/index.php?rest_route=\/wp\/v2\/types\/page"}],"author":[{"embeddable":true,"href":"https:\/\/silberpfeil-pirna.de\/blog\/index.php?rest_route=\/wp\/v2\/users\/1"}],"replies":[{"embeddable":true,"href":"https:\/\/silberpfeil-pirna.de\/blog\/index.php?rest_route=%2Fwp%2Fv2%2Fcomments&post=37"}],"version-history":[{"count":7,"href":"https:\/\/silberpfeil-pirna.de\/blog\/index.php?rest_route=\/wp\/v2\/pages\/37\/revisions"}],"predecessor-version":[{"id":1975,"href":"https:\/\/silberpfeil-pirna.de\/blog\/index.php?rest_route=\/wp\/v2\/pages\/37\/revisions\/1975"}],"up":[{"embeddable":true,"href":"https:\/\/silberpfeil-pirna.de\/blog\/index.php?rest_route=\/wp\/v2\/pages\/27"}],"wp:attachment":[{"href":"https:\/\/silberpfeil-pirna.de\/blog\/index.php?rest_route=%2Fwp%2Fv2%2Fmedia&parent=37"}],"curies":[{"name":"wp","href":"https:\/\/api.w.org\/{rel}","templated":true}]}}