{"id":41,"date":"2018-11-03T11:34:02","date_gmt":"2018-11-03T10:34:02","guid":{"rendered":"http:\/\/silberpfeil-pirna.de\/blog\/?page_id=41"},"modified":"2026-04-05T10:02:42","modified_gmt":"2026-04-05T08:02:42","slug":"dinky-devils","status":"publish","type":"page","link":"https:\/\/silberpfeil-pirna.de\/blog\/?page_id=41","title":{"rendered":"Crazy Devils"},"content":{"rendered":"<p>jung &#8211; verr\u00fcckt &#8211; tanzbegeistert<\/p>\n<p>Die Crazy Devils sind 14 junge M\u00e4dels im Alter von 12-16 Jahren, die die Freude am Tanzen vereint. Als reine Freizeitgruppe treffen sie sich 1x w\u00f6chentlich im Trainingssaal, um gemeinsam zu trainieren. Unter der Anleitung von Katja &amp; Tina gibt es eine bunte Mischung aus technischen Grundlagen, Wiederholung von Auftrittst\u00e4nzen, neuen Choreografien und Beweglichkeits- sowie Koordinations\u00fcbungen.Bei den T\u00e4nzen haben die jungen Verr\u00fcckten viel Mitspracherecht, sodass die Bandbreite von Jazz \u00fcber Modern bis hin zu Hip Hop T\u00e4nzen reicht. Auch musikalisch ist f\u00fcr jeden Geschmack etwas dabei: ob kultige 90er oder moderne Radiohits.<\/p>\n<p>Ihre Tanzbegeisterung zeigen sie gern bei Stadtfesten oder anderen regionalen Feierlichkeiten. Die Darbietungen laden stets zum Klatschen und Mitfiebern ein.<\/p>\n<p>H\u00f6hepunkt f\u00fcr den Teamgeist und die gemeinsame Kreativit\u00e4t ist das einmal j\u00e4hrliche Trainingslager im November in Sebnitz&#8230;ein ganzes Wochenende voller Tanzen, Training und Gemeinschaftsgef\u00fchl.<\/p>\n<p>Trainingszeit: mittwochs, 16:30-18:00 Uhr<br \/>\nKontakt: Katja Kaiser (015205488223 \/ sweet-devils-pirna@web.de)<br \/>\nProbetraining: Nach vorheriger Anmeldung kein Problem.<\/p>\n","protected":false},"excerpt":{"rendered":"<p>jung &#8211; verr\u00fcckt &#8211; tanzbegeistert Die Crazy Devils sind 14 junge M\u00e4dels im Alter von 12-16 Jahren, die die Freude am Tanzen vereint. Als reine Freizeitgruppe treffen sie sich 1x w\u00f6chentlich im Trainingssaal, um gemeinsam zu trainieren. Unter der Anleitung &hellip; <a href=\"https:\/\/silberpfeil-pirna.de\/blog\/?page_id=41\">Weiterlesen <span class=\"meta-nav\">&rarr;<\/span><\/a><\/p>\n","protected":false},"author":1,"featured_media":0,"parent":27,"menu_order":0,"comment_status":"closed","ping_status":"closed","template":"","meta":{"footnotes":""},"class_list":["post-41","page","type-page","status-publish","hentry"],"_links":{"self":[{"href":"https:\/\/silberpfeil-pirna.de\/blog\/index.php?rest_route=\/wp\/v2\/pages\/41","targetHints":{"allow":["GET"]}}],"collection":[{"href":"https:\/\/silberpfeil-pirna.de\/blog\/index.php?rest_route=\/wp\/v2\/pages"}],"about":[{"href":"https:\/\/silberpfeil-pirna.de\/blog\/index.php?rest_route=\/wp\/v2\/types\/page"}],"author":[{"embeddable":true,"href":"https:\/\/silberpfeil-pirna.de\/blog\/index.php?rest_route=\/wp\/v2\/users\/1"}],"replies":[{"embeddable":true,"href":"https:\/\/silberpfeil-pirna.de\/blog\/index.php?rest_route=%2Fwp%2Fv2%2Fcomments&post=41"}],"version-history":[{"count":10,"href":"https:\/\/silberpfeil-pirna.de\/blog\/index.php?rest_route=\/wp\/v2\/pages\/41\/revisions"}],"predecessor-version":[{"id":1974,"href":"https:\/\/silberpfeil-pirna.de\/blog\/index.php?rest_route=\/wp\/v2\/pages\/41\/revisions\/1974"}],"up":[{"embeddable":true,"href":"https:\/\/silberpfeil-pirna.de\/blog\/index.php?rest_route=\/wp\/v2\/pages\/27"}],"wp:attachment":[{"href":"https:\/\/silberpfeil-pirna.de\/blog\/index.php?rest_route=%2Fwp%2Fv2%2Fmedia&parent=41"}],"curies":[{"name":"wp","href":"https:\/\/api.w.org\/{rel}","templated":true}]}}