{"id":66,"date":"2018-11-03T11:51:31","date_gmt":"2018-11-03T10:51:31","guid":{"rendered":"http:\/\/silberpfeil-pirna.de\/blog\/?page_id=66"},"modified":"2018-12-09T15:47:26","modified_gmt":"2018-12-09T14:47:26","slug":"geschichte","status":"publish","type":"page","link":"https:\/\/silberpfeil-pirna.de\/blog\/?page_id=66","title":{"rendered":"Geschichte"},"content":{"rendered":"<p class=\"align-center\">1953 erfolgte auf Initiative der Tanzschule Paul und Irmgard Mocker und des Assistenten Heinz Richter aus Freital die Gr\u00fcndung des &#8222;TK Rot-Gold Pirna&#8220; im Hotel &#8222;Schwarzer Adler&#8220;.<\/p>\n<p class=\"align-center\">Weitere Mitbegr\u00fcnder waren die Ehepaare Hamisch, Suchi, Ceolin, Finsterbusch-Georgie, Sch\u00f6nherr und Glander, sowie zwei Jahre sp\u00e4ter das Ehepaar Focke.<\/p>\n<div>\n<h1>Vorsitzende<\/h1>\n<\/div>\n<p class=\"align-center\">1956-1969 Joachim Sch\u00f6nherr<\/p>\n<p class=\"align-center\">1969-1993 Eberhard Focke<\/p>\n<p class=\"align-center\">1993-1996 Roberto Wenzel<\/p>\n<p class=\"align-center\">1996-2000 Ren\u00e9 Kaiser<\/p>\n<p class=\"align-center\">seit 2000 Frank Hering<\/p>\n<div>\n<h1>Schatzmeister<\/h1>\n<\/div>\n<p class=\"align-center\">1959- 1997 Brigitte Glander<\/p>\n<p class=\"align-center\">1998-2003 Ulrike Kaiser<\/p>\n<p class=\"align-center\">2003-2007 J\u00f6rg Lachmann<\/p>\n<p class=\"align-center\">2007-2017 Anke Kaiser<\/p>\n<p class=\"align-center\">sei 2017 Jochen Kaiser<\/p>\n<div>\n<h1>Trainer<\/h1>\n<\/div>\n<p class=\"align-center\">1953-1955 Paul Mocker, Pirna und Heinz Richter, Freital<\/p>\n<p class=\"align-center\">1956-1965 Ehepaar Hans und Susi J\u00f6hren-Trautmann, Dresden<\/p>\n<p class=\"align-center\">1965 Reiner Graf, Dresden und Wolfgang Zeh, Dresden<\/p>\n<p class=\"align-center\">1965-1984 Ehepaar Roland und Gertraude Nebl, Dresden<\/p>\n<p class=\"align-center\">1985-1995 Ehepaar Michael und Renate H\u00f6lschke, Dresden<\/p>\n<p class=\"align-center\">1994-1998 Dirk Heidemann, Berlin (Latein)<\/p>\n<p class=\"align-center\">1995-1997 Ehepaar Lothar und Simone L\u00f6we, Dresden<\/p>\n<p class=\"align-center\">1995-2000 Jens J\u00f6rgens, Leipzig (Standard)<\/p>\n<p class=\"align-center\">seit 2000 Ulrich Herrmann, Leipzig<\/p>\n<div>\n<h1>Turniertanzst\u00e4tten des Tanzkreises<\/h1>\n<\/div>\n<p class=\"align-center\">Volkshaus Pirna<\/p>\n<p class=\"align-center\">Paradies &#8211; S\u00e4le Pirna &#8211; Posta<\/p>\n<p class=\"align-center\">B\u00e4renzwinger<\/p>\n<p class=\"align-center\">Otto &#8211; Buchwitz &#8211; Heim Heidenau<\/p>\n<p class=\"align-center\">Kulturhaus Rottwerndorf<\/p>\n<p class=\"align-center\">Aula Sonnenstein<\/p>\n<p class=\"align-center\">Kreiskulturhaus Pirna<\/p>\n<p class=\"align-center\">Tannens\u00e4le Pirna<\/p>\n<p class=\"align-center\"><a href=\"http:\/\/www.aktiv-sportzentrum-pirna.de\/\" target=\"_blank\" rel=\"noopener\">&#8222;aktiv&#8220; Sportzentrum Pirna&#8220;<\/a><\/p>\n<p><a href=\"http:\/\/www.hanno-pirna.de\">Klubhaus Hanno<\/a><\/p>\n<p class=\"align-center\"><a href=\"http:\/\/www.pirna.de\/home.485\/\" target=\"_blank\" rel=\"noopener\">Herderhalle Pirna<\/a><\/p>\n<div>\n<h1>Ehrenmitglieder<\/h1>\n<\/div>\n<p class=\"align-center\">Heinz und Brigitte Glander, Mitglieder seit 1953<\/p>\n<p class=\"align-center\">Eberhard und Ingeborg Focke, Mitglieder seit 1959<\/p>\n<p class=\"align-center\">Yvonne Leubert, Mitglied seit 1981<\/p>\n<p class=\"align-center\">Edith und Ingolf Gro\u00dfmann, Mitglieder seit 1959<\/p>\n<p class=\"align-center\"><strong>Eberhard Focke, Ehrenvorsitzender des TSC Silberpfeil e.V. Pirna<\/strong><\/p>\n","protected":false},"excerpt":{"rendered":"<p>1953 erfolgte auf Initiative der Tanzschule Paul und Irmgard Mocker und des Assistenten Heinz Richter aus Freital die Gr\u00fcndung des &#8222;TK Rot-Gold Pirna&#8220; im Hotel &#8222;Schwarzer Adler&#8220;. Weitere Mitbegr\u00fcnder waren die Ehepaare Hamisch, Suchi, Ceolin, Finsterbusch-Georgie, Sch\u00f6nherr und Glander, sowie &hellip; <a href=\"https:\/\/silberpfeil-pirna.de\/blog\/?page_id=66\">Weiterlesen <span class=\"meta-nav\">&rarr;<\/span><\/a><\/p>\n","protected":false},"author":1,"featured_media":0,"parent":48,"menu_order":0,"comment_status":"closed","ping_status":"closed","template":"page-sidebar.php","meta":{"footnotes":""},"class_list":["post-66","page","type-page","status-publish","hentry"],"_links":{"self":[{"href":"https:\/\/silberpfeil-pirna.de\/blog\/index.php?rest_route=\/wp\/v2\/pages\/66","targetHints":{"allow":["GET"]}}],"collection":[{"href":"https:\/\/silberpfeil-pirna.de\/blog\/index.php?rest_route=\/wp\/v2\/pages"}],"about":[{"href":"https:\/\/silberpfeil-pirna.de\/blog\/index.php?rest_route=\/wp\/v2\/types\/page"}],"author":[{"embeddable":true,"href":"https:\/\/silberpfeil-pirna.de\/blog\/index.php?rest_route=\/wp\/v2\/users\/1"}],"replies":[{"embeddable":true,"href":"https:\/\/silberpfeil-pirna.de\/blog\/index.php?rest_route=%2Fwp%2Fv2%2Fcomments&post=66"}],"version-history":[{"count":8,"href":"https:\/\/silberpfeil-pirna.de\/blog\/index.php?rest_route=\/wp\/v2\/pages\/66\/revisions"}],"predecessor-version":[{"id":94,"href":"https:\/\/silberpfeil-pirna.de\/blog\/index.php?rest_route=\/wp\/v2\/pages\/66\/revisions\/94"}],"up":[{"embeddable":true,"href":"https:\/\/silberpfeil-pirna.de\/blog\/index.php?rest_route=\/wp\/v2\/pages\/48"}],"wp:attachment":[{"href":"https:\/\/silberpfeil-pirna.de\/blog\/index.php?rest_route=%2Fwp%2Fv2%2Fmedia&parent=66"}],"curies":[{"name":"wp","href":"https:\/\/api.w.org\/{rel}","templated":true}]}}